{"id":155,"date":"2020-03-22T17:51:32","date_gmt":"2020-03-22T16:51:32","guid":{"rendered":"https:\/\/dentalking.pl\/?page_id=155"},"modified":"2022-04-25T17:42:18","modified_gmt":"2022-04-25T15:42:18","slug":"centrum-stomatologiczne-dentalking-lek-stom-kinga-sedziwy","status":"publish","type":"page","link":"https:\/\/dentalking.pl\/","title":{"rendered":"DENTALKING"},"content":{"rendered":"\n<h2 class=\"has-text-align-center wp-block-heading\"><strong>Centrum Stomatologiczne DENTALKING <\/strong><\/h2>\n\n\n\n<h2 class=\"has-text-align-center wp-block-heading\"><strong>lek. stom. Kinga S\u0119dziwy<\/strong><\/h2>\n\n\n\n<h5 class=\"has-text-align-center wp-block-heading\"><\/h5>\n\n\n\n<div class=\"wp-block-image\"><figure class=\"aligncenter size-large\"><img loading=\"lazy\" decoding=\"async\" width=\"680\" height=\"1024\" src=\"https:\/\/dentalking.pl\/wp-content\/uploads\/2020\/05\/DSC_0119-680x1024.jpg\" alt=\"\" class=\"wp-image-225\" srcset=\"https:\/\/dentalking.pl\/wp-content\/uploads\/2020\/05\/DSC_0119-680x1024.jpg 680w, https:\/\/dentalking.pl\/wp-content\/uploads\/2020\/05\/DSC_0119-199x300.jpg 199w, https:\/\/dentalking.pl\/wp-content\/uploads\/2020\/05\/DSC_0119-768x1156.jpg 768w, https:\/\/dentalking.pl\/wp-content\/uploads\/2020\/05\/DSC_0119-1020x1536.jpg 1020w, https:\/\/dentalking.pl\/wp-content\/uploads\/2020\/05\/DSC_0119-1360x2048.jpg 1360w, https:\/\/dentalking.pl\/wp-content\/uploads\/2020\/05\/DSC_0119-1024x1542.jpg 1024w, https:\/\/dentalking.pl\/wp-content\/uploads\/2020\/05\/DSC_0119-717x1080.jpg 717w, https:\/\/dentalking.pl\/wp-content\/uploads\/2020\/05\/DSC_0119-scaled.jpg 1700w\" sizes=\"auto, (max-width: 680px) 100vw, 680px\" \/><\/figure><\/div>\n\n\n\n<h2 class=\"has-text-align-center wp-block-heading\">Serdecznie witamy!<\/h2>\n\n\n\n<p class=\"has-text-align-center\">Centrum stomatologiczne DentalKing za\u0142o\u017cone jest i prowadzone  od 2006 roku  przez lek. stom. King\u0119 S\u0119dziwy. Zabiegi stomatologiczne wykonujemy bezbole\u015bnie, u\u017cywaj\u0105c najnowocze\u015bniejszego sprz\u0119tu i wysokiej jako\u015bci materia\u0142\u00f3w.  W naszej pracy  kierujemy si\u0119 komfortem pacjenta,  dbaj\u0105c o jego dobre samopoczucie podczas wizyty.  <\/p>\n\n\n\n<p class=\"has-text-align-center\"> Zach\u0119camy do kontaktu telefonicznego pod nr .: +<strong>48<\/strong> <strong>608-380-201<\/strong><\/p>\n\n\n\n<p class=\"has-text-align-center\">Pozdrawiamy<\/p>\n\n\n\n<p class=\"has-text-align-center\"><strong>Zesp\u00f3\u0142 DentalKing<\/strong><\/p>\n\n\n\n<div class=\"wp-block-image is-style-default\"><figure class=\"alignright size-large is-resized\"><a href=\"https:\/\/www.facebook.com\/Gabinet-Stomatologiczny-DentalKing-Kinga-S\u0119dziwy-104852162927820\/?epa=SEARCH_BOX\" target=\"_blank\" rel=\"noreferrer noopener\"><img loading=\"lazy\" decoding=\"async\" src=\"https:\/\/dentalking.pl\/wp-content\/uploads\/2020\/03\/fb.jpg\" alt=\"\" class=\"wp-image-151\" width=\"91\" height=\"50\" srcset=\"https:\/\/dentalking.pl\/wp-content\/uploads\/2020\/03\/fb.jpg 788w, https:\/\/dentalking.pl\/wp-content\/uploads\/2020\/03\/fb-300x169.jpg 300w, https:\/\/dentalking.pl\/wp-content\/uploads\/2020\/03\/fb-768x433.jpg 768w\" sizes=\"auto, (max-width: 91px) 100vw, 91px\" \/><\/a><figcaption>Odwied\u017a nas na facebooku<\/figcaption><\/figure><\/div>\n","protected":false},"excerpt":{"rendered":"<p>Centrum Stomatologiczne DENTALKING lek. stom. Kinga S\u0119dziwy Serdecznie witamy! Centrum stomatologiczne DentalKing za\u0142o\u017cone jest i prowadzone od 2006 roku przez lek. stom. King\u0119 S\u0119dziwy. Zabiegi stomatologiczne wykonujemy bezbole\u015bnie, u\u017cywaj\u0105c najnowocze\u015bniejszego sprz\u0119tu i wysokiej jako\u015bci materia\u0142\u00f3w. W naszej pracy kierujemy si\u0119 komfortem pacjenta, dbaj\u0105c o jego dobre samopoczucie podczas wizyty. Zach\u0119camy do kontaktu telefonicznego pod nr&hellip; <br \/> <a class=\"read-more\" href=\"https:\/\/dentalking.pl\/\">Czytaj dalej<\/a><\/p>\n","protected":false},"author":1,"featured_media":0,"parent":0,"menu_order":0,"comment_status":"closed","ping_status":"closed","template":"","meta":{"footnotes":""},"class_list":["post-155","page","type-page","status-publish","hentry"],"_links":{"self":[{"href":"https:\/\/dentalking.pl\/index.php?rest_route=\/wp\/v2\/pages\/155","targetHints":{"allow":["GET"]}}],"collection":[{"href":"https:\/\/dentalking.pl\/index.php?rest_route=\/wp\/v2\/pages"}],"about":[{"href":"https:\/\/dentalking.pl\/index.php?rest_route=\/wp\/v2\/types\/page"}],"author":[{"embeddable":true,"href":"https:\/\/dentalking.pl\/index.php?rest_route=\/wp\/v2\/users\/1"}],"replies":[{"embeddable":true,"href":"https:\/\/dentalking.pl\/index.php?rest_route=%2Fwp%2Fv2%2Fcomments&post=155"}],"version-history":[{"count":22,"href":"https:\/\/dentalking.pl\/index.php?rest_route=\/wp\/v2\/pages\/155\/revisions"}],"predecessor-version":[{"id":312,"href":"https:\/\/dentalking.pl\/index.php?rest_route=\/wp\/v2\/pages\/155\/revisions\/312"}],"wp:attachment":[{"href":"https:\/\/dentalking.pl\/index.php?rest_route=%2Fwp%2Fv2%2Fmedia&parent=155"}],"curies":[{"name":"wp","href":"https:\/\/api.w.org\/{rel}","templated":true}]}}