{"id":16,"date":"2019-09-19T23:18:45","date_gmt":"2019-09-19T21:18:45","guid":{"rendered":"http:\/\/dentalking.pl\/?page_id=16"},"modified":"2026-04-08T21:31:43","modified_gmt":"2026-04-08T19:31:43","slug":"cennik","status":"publish","type":"page","link":"https:\/\/dentalking.pl\/?page_id=16","title":{"rendered":"Cennik"},"content":{"rendered":"\n<p style=\"font-size:16px\">Ceny w gabinecie DENTALKING ustalane s\u0105 indywidualnie w zale\u017cno\u015bci od charakteru wykonywanego zabiegu oraz jego zakresu. Poni\u017cszy cennik nie jest ofert\u0105 w rozumieniu Kodeksu Cywilnego. <\/p>\n\n\n\n<p style=\"font-size:16px\">Aktualizacja: 1.02.2026<\/p>\n\n\n\n<figure class=\"wp-block-table is-style-stripes\"><table><tbody><tr><td>Badanie stomatologiczne, konsultacja, porada lekarska, wizyta adaptacyjna dziecka<\/td><td><\/td><td><strong>250 z\u0142<\/strong><\/td><\/tr><tr><td>Zdj\u0119cie RTG cyfrowe, punktowe<\/td><td><\/td><td><strong>60 z\u0142<\/strong><\/td><\/tr><tr><td><strong>Higiena, profilaktyka i periodontologia<\/strong><\/td><td><\/td><\/tr><tr><td>Lakierowanie (fluoryzacja) z\u0119b\u00f3w mlecznych u dzieci<\/td><td><\/td><td><strong>220 z\u0142<\/strong><\/td><\/tr><tr><td>Lakierowanie (fluoryzacja) u m\u0142odzie\u017cy i doros\u0142ych<\/td><td><\/td><td><strong>250 z\u0142<\/strong><\/td><\/tr><tr><td>Lakowanie bruzd wraz z lakierowaniem powierzchni z\u0119ba (za 1 z\u0105b)<\/td><td><\/td><td><strong>250 z\u0142<\/strong><\/td><\/tr><tr><td>Leczenie nadwra\u017cliwo\u015bci 1 z\u0119ba<\/td><td><\/td><td><strong>50 z\u0142<\/strong><\/td><\/tr><tr><td>Usuni\u0119cie kamienia naz\u0119bnego i nalotu (scaling g\u0142\u0119boki)<\/td><td><\/td><td><strong>od 450 z\u0142<\/strong><\/td><\/tr><tr><td>Usuni\u0119cie kamienia i nalotu + lakierowanie ca\u0142o\u015bci uz\u0119bienia (higienizacja + fluoryzacja)<\/td><td><\/td><td><strong>600 z\u0142<\/strong><\/td><\/tr><tr><td>Higienizacja u dzieci<\/td><td><\/td><td><strong>300 z\u0142<\/strong><\/td><\/tr><tr><td>Higienizacja + fluoryzacja u dzieci<\/td><td><\/td><td><strong>450 z\u0142<\/strong><\/td><\/tr><tr><td>P\u0142ukanie kieszonki z aplikacj\u0105 leku<\/td><td><\/td><td><strong>200 z\u0142<\/strong><\/td><\/tr><tr><td><strong>Stomatologia zachowawcza<\/strong><\/td><td><\/td><\/tr><tr><td>Znieczulenie nasi\u0119kowe \/ przewodowe<\/td><td><\/td><td><strong>70 z\u0142 \/ 80 z\u0142<\/strong><\/td><\/tr><tr><td>Leczenie i wype\u0142nienie ubytku z\u0119ba mlecznego<\/td><td><\/td><td><strong>350 z\u0142<\/strong><\/td><\/tr><tr><td>Leczenie i wype\u0142nienie ubytku korony z\u0119ba sta\u0142ego materia\u0142em \u015bwiat\u0142outwardzalnym ( 1 powierzchnia)<\/td><td><\/td><td><strong>450 z\u0142 <\/strong><br><\/td><\/tr><tr><td>Wype\u0142nienie z\u0119ba na 2 powierzchniach<\/td><td><\/td><td><strong>550 z\u0142<\/strong><\/td><\/tr><tr><td>Wype\u0142nienie z\u0119ba na 3 powierzchniach<\/td><td><\/td><td><strong>650 z\u0142<\/strong><\/td><\/tr><tr><td>Wype\u0142nienie przyszyjkowe<\/td><td><\/td><td><strong>300 z\u0142<\/strong><\/td><\/tr><tr><td>Wype\u0142nienie tymczasowe materia\u0142em FUJI glasjonomerowym<\/td><td><\/td><td><strong>250 z\u0142<\/strong><\/td><\/tr><tr><td>Odbudowa zniszczonej korony z\u0119ba<\/td><td><\/td><td><strong>800 z\u0142<\/strong><\/td><\/tr><tr><td>Odbudowa z\u0142amanego z\u0119ba ze wzmocnieniem wk\u0142adem z w\u0142\u00f3kien szklanych<\/td><td><\/td><td><strong>1000 z\u0142<\/strong><\/td><\/tr><tr><td>Licowanie z\u0119ba materia\u0142em kompozytowym<\/td><td><\/td><td><strong>1000<\/strong><strong> z\u0142<\/strong><\/td><\/tr><tr><td>Opatrunek z ZnO,  opatrunek czasowy (fleczer) <\/td><td><\/td><td><strong>200 z\u0142<\/strong><\/td><\/tr><tr><td>Lapisowanie (impregnacja z\u0119biny z\u0119b\u00f3w mlecznych \u2013 cena za wizyt\u0119)<\/td><td><\/td><td><strong>150 z\u0142<\/strong><\/td><\/tr><tr><td>Unieruchomienie rozchwianych z\u0119b\u00f3w szyn\u0105 z w\u0142\u00f3kien szklanych<\/td><td><\/td><td><strong>od<\/strong> <strong>800 z\u0142<\/strong><\/td><\/tr><tr><td><strong>Endodoncja (leczenie kana\u0142owe) \u2013&nbsp;<\/strong><strong>cena nie obejmuje zdj\u0119\u0107 RTG, wype\u0142nienia ubytku i odbudowy z\u0119ba<\/strong><\/td><td><\/td><\/tr><tr><td>Otwarcie z\u0119ba<\/td><td><\/td><td><strong>200 z\u0142<\/strong><\/td><\/tr><tr><td>Dewitalizacja miazgi<\/td><td><\/td><td><strong>200 z\u0142<\/strong><\/td><\/tr><tr><td>Leczenie z\u0119ba jednokana\u0142owego *<\/td><td><\/td><td><strong>1000 z\u0142<\/strong><\/td><\/tr><tr><td>Leczenie z\u0119ba dwukana\u0142owego *<\/td><td><\/td><td><strong>1200z\u0142<\/strong><\/td><\/tr><tr><td>Leczenie z\u0119ba trzykana\u0142owego *<\/td><td><\/td><td><strong>1600 z\u0142<\/strong><\/td><\/tr><tr><td>Dodatkowa zmiana opatrunku w kana\u0142ach<\/td><td><\/td><td><strong>400 z\u0142<\/strong><\/td><\/tr><tr><td>*&nbsp;Ponowne udro\u017cnienie 1 kana\u0142u leczonego poza gabinetem ( REENDO )<\/td><td><\/td><td><strong>+100 z\u0142 za ka\u017cdy kana\u0142<\/strong><\/td><\/tr><tr><td><strong>Protetyka<\/strong><\/td><td><\/td><\/tr><tr><td>Zdj\u0119cie korony<\/td><td><\/td><td><strong>400 z\u0142<\/strong><\/td><\/tr><tr><td>Osadzenie korony<\/td><td><\/td><td><strong>400 z\u0142<\/strong><\/td><\/tr><tr><td>Wk\u0142ad koronowo-korzeniowy<\/td><td><\/td><td><strong>350 z\u0142<\/strong><\/td><\/tr><tr><td>Wk\u0142ad kronowo-korzeniowy z\u0142o\u017cony<\/td><td><\/td><td><strong>400 z\u0142<\/strong><\/td><\/tr><tr><td>Wk\u0142ad z w\u0142\u00f3kna szklanego<\/td><td><\/td><td><strong>350 z\u0142<\/strong><\/td><\/tr><tr><td>Wk\u0142ad z w\u0142\u00f3kna szklanego z odbudow\u0105 zr\u0119bu z\u0119ba pod koron\u0119 protetyczn\u0105<\/td><td><\/td><td><strong>800 z\u0142<\/strong><\/td><\/tr><tr><td>Korona metalowa lana<\/td><td><\/td><td><strong>800&nbsp;z\u0142<\/strong><\/td><\/tr><tr><td>Korona licowana kompozytem<\/td><td><\/td><td><strong>1200 z\u0142<\/strong><\/td><\/tr><tr><td>Korona licowana porcelan\u0105 na stopie bezniklowym<\/td><td><\/td><td><strong>1800 z\u0142<\/strong><\/td><\/tr><tr><td>Korona ze stopniem pod protez\u0119 szkieletow\u0105 <\/td><td><\/td><td><strong>2000<em> <\/em>z\u0142<\/strong><\/td><\/tr><tr><td>Korona pe\u0142noceramiczna na cyrkonie<\/td><td><\/td><td><strong>2600 z\u0142<\/strong><\/td><\/tr><tr><td>Korona ochronna (akrylanowa)<\/td><td><\/td><td><strong>600 z\u0142<\/strong><\/td><\/tr><tr><td>Inlay, onlay<\/td><td><\/td><td><strong>1200 z\u0142<\/strong><\/td><\/tr><tr><td>Most porcelanowy<\/td><td><\/td><td><strong>ilo\u015b\u0107 uzupe\u0142nianych z\u0119b\u00f3w \u00d7 1800 z\u0142<\/strong><\/td><\/tr><tr><td>Lic\u00f3wka porcelanowa<\/td><td><\/td><td><strong>2500 z\u0142<\/strong><\/td><\/tr><tr><td>Proteza cz\u0119\u015bciowa od 8 z\u0119b\u00f3w i proteza ca\u0142kowita (1 \u0142uk)<\/td><td><\/td><td><strong>2000 z\u0142<\/strong><\/td><\/tr><tr><td>Proteza cz\u0119\u015bciowa od 4 do 7 z\u0119b\u00f3w<\/td><td><\/td><td><strong>1500 z\u0142<\/strong><\/td><\/tr><tr><td>Proteza cz\u0119\u015bciowa do 3 z\u0119b\u00f3w<\/td><td><\/td><td><strong>1000 z\u0142<\/strong><\/td><\/tr><tr><td>Dop\u0142ata za z\u0119by IVOCLAR<\/td><td><\/td><td><strong>200 z\u0142<\/strong><\/td><\/tr><tr><td>Dop\u0142ata za siatk\u0119 wzmacniaj\u0105c\u0105<\/td><td><\/td><td><strong>150 z\u0142<\/strong><\/td><\/tr><tr><td>Dop\u0142ata za \u0142uk lany<\/td><td><\/td><td><strong>150 z\u0142<\/strong><\/td><\/tr><tr><td>Dop\u0142ata za p\u0142yt\u0119 bezbarwn\u0105<\/td><td><\/td><td><strong>200 z\u0142<\/strong><\/td><\/tr><tr><td>Naprawa protezy, dostawienie z\u0119ba<\/td><td><\/td><td><strong>od 350 z\u0142<\/strong><\/td><\/tr><tr><td>Pod\u015bcielenie protezy<\/td><td><\/td><td><strong>600 z\u0142<\/strong><\/td><\/tr><tr><td>Proteza szkieletowa<\/td><td><\/td><td><strong>4000 &#8211; 4200 z\u0142<\/strong><\/td><\/tr><tr><td>Proteza nylonowa- elastyczna<\/td><td><\/td><td><strong>3000 &#8211; 3200 z\u0142<\/strong><\/td><\/tr><tr><td>Szyna relaksacyjna<\/td><td><\/td><td><strong>600 z\u0142<\/strong><\/td><\/tr><tr><td><strong>Chirurgia stomatologiczna<\/strong><\/td><td><\/td><\/tr><tr><td>Usuni\u0119cie z\u0119ba mlecznego<\/td><td><\/td><td><strong>od 300 z\u0142<\/strong><\/td><\/tr><tr><td>Usuni\u0119cie z\u0119ba jednokorzeniowego<\/td><td><\/td><td><strong>500 z\u0142<\/strong><\/td><\/tr><tr><td>Usuni\u0119cie z\u0119ba wielokorzeniowego<\/td><td><\/td><td><strong>700 z\u0142<\/strong><\/td><\/tr><tr><td>Chirurgiczne usuni\u0119cie z\u0119ba<\/td><td><\/td><td><strong>1000 z\u0142<\/strong><\/td><\/tr><tr><td>Usuni\u0119cie z\u0119ba zatrzymanego, z\u0119ba m\u0105dro\u015bci (8)<\/td><td><\/td><td><strong>1000 &#8211; 1200 z\u0142<\/strong><\/td><\/tr><tr><td>Opatrunek chirurgiczny<\/td><td><\/td><td><strong>100 z\u0142<\/strong><\/td><\/tr><tr><td>Szycie rany<\/td><td><\/td><td><strong>200 z\u0142<\/strong><\/td><\/tr><tr><td>Usuni\u0119cie szw\u00f3w (za\u0142o\u017conych poza gabinetem)<\/td><td><\/td><td><strong>150 z\u0142<\/strong><\/td><\/tr><tr><td>Leczenie suchego z\u0119bodo\u0142u<\/td><td><\/td><td><strong>150 z\u0142<\/strong><\/td><\/tr><tr><td>Naci\u0119cie ropnia<\/td><td><\/td><td><strong>450 z\u0142<\/strong><\/td><\/tr><tr><td>Unieruchomienie z\u0119b\u00f3w za pomoc\u0105 szyny<\/td><td><\/td><td><strong>800 z\u0142<\/strong><\/td><\/tr><tr><td>Chirurgiczne wyd\u0142u\u017cenie korony klinicznej z\u0119ba<\/td><td><\/td><td><strong>800 z\u0142<\/strong><\/td><\/tr><tr><td>Resekcja wierzcho\u0142ka korzenia<\/td><td><\/td><td><strong>1000 z\u0142<\/strong><\/td><\/tr><tr><td><strong>Wybielanie z\u0119b\u00f3w<\/strong><\/td><td><\/td><\/tr><tr><td>Wybielanie z\u0119b\u00f3w metod\u0105 nak\u0142adkow\u0105<\/td><td><\/td><td><strong>1200 z\u0142<\/strong><\/td><\/tr><tr><td>Wybielanie z\u0119ba martwego (pierwsza wizyta)<\/td><td><\/td><td><strong>350 z\u0142<\/strong><\/td><\/tr><tr><td>Wybielanie z\u0119ba martwego (kolejna wizyta)<br>(+ cena ostatecznego wype\u0142nienia ubytku z\u0119ba po zako\u0144czonym wybielaniu)<\/td><td><\/td><td><strong>300 z\u0142<\/strong><br><\/td><\/tr><tr><td>Wybielanie z\u0119b\u00f3w w gabinecie<\/td><td><\/td><td><strong>1600 z\u0142<\/strong><\/td><\/tr><\/tbody><\/table><\/figure>\n\n\n\n<p><\/p>\n","protected":false},"excerpt":{"rendered":"<p>Ceny w gabinecie DENTALKING ustalane s\u0105 indywidualnie w zale\u017cno\u015bci od charakteru wykonywanego zabiegu oraz jego zakresu. Poni\u017cszy cennik nie jest ofert\u0105 w rozumieniu Kodeksu Cywilnego. Aktualizacja: 1.02.2026 Badanie stomatologiczne, konsultacja, porada lekarska, wizyta adaptacyjna dziecka 250 z\u0142 Zdj\u0119cie RTG cyfrowe, punktowe 60 z\u0142 Higiena, profilaktyka i periodontologia Lakierowanie (fluoryzacja) z\u0119b\u00f3w mlecznych u dzieci 220 z\u0142&hellip; <br \/> <a class=\"read-more\" href=\"https:\/\/dentalking.pl\/?page_id=16\">Czytaj dalej<\/a><\/p>\n","protected":false},"author":1,"featured_media":0,"parent":0,"menu_order":0,"comment_status":"closed","ping_status":"closed","template":"","meta":{"footnotes":""},"class_list":["post-16","page","type-page","status-publish","hentry"],"_links":{"self":[{"href":"https:\/\/dentalking.pl\/index.php?rest_route=\/wp\/v2\/pages\/16","targetHints":{"allow":["GET"]}}],"collection":[{"href":"https:\/\/dentalking.pl\/index.php?rest_route=\/wp\/v2\/pages"}],"about":[{"href":"https:\/\/dentalking.pl\/index.php?rest_route=\/wp\/v2\/types\/page"}],"author":[{"embeddable":true,"href":"https:\/\/dentalking.pl\/index.php?rest_route=\/wp\/v2\/users\/1"}],"replies":[{"embeddable":true,"href":"https:\/\/dentalking.pl\/index.php?rest_route=%2Fwp%2Fv2%2Fcomments&post=16"}],"version-history":[{"count":24,"href":"https:\/\/dentalking.pl\/index.php?rest_route=\/wp\/v2\/pages\/16\/revisions"}],"predecessor-version":[{"id":428,"href":"https:\/\/dentalking.pl\/index.php?rest_route=\/wp\/v2\/pages\/16\/revisions\/428"}],"wp:attachment":[{"href":"https:\/\/dentalking.pl\/index.php?rest_route=%2Fwp%2Fv2%2Fmedia&parent=16"}],"curies":[{"name":"wp","href":"https:\/\/api.w.org\/{rel}","templated":true}]}}